{"id":4400,"date":"2021-10-12T15:51:09","date_gmt":"2021-10-12T13:51:09","guid":{"rendered":"http:\/\/dummy.xtemos.com\/woodmart2\/elementor\/?page_id=4400"},"modified":"2022-12-12T23:11:30","modified_gmt":"2022-12-12T22:11:30","slug":"om-oss","status":"publish","type":"page","link":"https:\/\/zavepower.jejjcop3.se\/sv\/om-oss\/","title":{"rendered":"Om oss"},"content":{"rendered":"\t\t<div data-elementor-type=\"wp-page\" data-elementor-id=\"4400\" class=\"elementor elementor-4400\">\n\t\t\t\t\t\t\t\t\t<section class=\"wd-negative-gap elementor-section elementor-top-section elementor-element elementor-element-3c548bca elementor-reverse-tablet elementor-reverse-mobile elementor-section-boxed elementor-section-height-default elementor-section-height-default wd-section-disabled\" data-id=\"3c548bca\" data-element_type=\"section\">\n\t\t\t\t\t\t<div class=\"elementor-container elementor-column-gap-default\">\n\t\t\t\t\t<div class=\"elementor-column elementor-col-50 elementor-top-column elementor-element elementor-element-1d354ed7\" data-id=\"1d354ed7\" data-element_type=\"column\">\n\t\t\t<div class=\"elementor-widget-wrap elementor-element-populated\">\n\t\t\t\t\t\t\t\t<div class=\"elementor-element elementor-element-3b8f1c6 elementor-widget elementor-widget-wd_image_or_svg\" data-id=\"3b8f1c6\" data-element_type=\"widget\" data-widget_type=\"wd_image_or_svg.default\">\n\t\t\t\t<div class=\"elementor-widget-container\">\n\t\t\t\n\t\t<div class=\"wd-image text-left\">\n\t\t\t\t\t\t\t\t<img fetchpriority=\"high\" decoding=\"async\" width=\"1183\" height=\"887\" src=\"https:\/\/zavepower.jejjcop3.se\/wp-content\/uploads\/2022\/11\/top-4-benefits-winter-hot-tubbing.jpg\" class=\"attachment-full size-full wp-image-10278\" alt=\"\" srcset=\"https:\/\/zavepower.jejjcop3.se\/wp-content\/uploads\/2022\/11\/top-4-benefits-winter-hot-tubbing.jpg 1183w, https:\/\/zavepower.jejjcop3.se\/wp-content\/uploads\/2022\/11\/top-4-benefits-winter-hot-tubbing-400x300.jpg 400w, https:\/\/zavepower.jejjcop3.se\/wp-content\/uploads\/2022\/11\/top-4-benefits-winter-hot-tubbing-1067x800.jpg 1067w, https:\/\/zavepower.jejjcop3.se\/wp-content\/uploads\/2022\/11\/top-4-benefits-winter-hot-tubbing-768x576.jpg 768w, https:\/\/zavepower.jejjcop3.se\/wp-content\/uploads\/2022\/11\/top-4-benefits-winter-hot-tubbing-860x645.jpg 860w, https:\/\/zavepower.jejjcop3.se\/wp-content\/uploads\/2022\/11\/top-4-benefits-winter-hot-tubbing-430x322.jpg 430w, https:\/\/zavepower.jejjcop3.se\/wp-content\/uploads\/2022\/11\/top-4-benefits-winter-hot-tubbing-700x525.jpg 700w, https:\/\/zavepower.jejjcop3.se\/wp-content\/uploads\/2022\/11\/top-4-benefits-winter-hot-tubbing-150x112.jpg 150w\" sizes=\"(max-width: 1183px) 100vw, 1183px\" \/>\t\t\t\t\t<\/div>\n\n\t\t\t\t<\/div>\n\t\t\t\t<\/div>\n\t\t\t\t\t<\/div>\n\t\t<\/div>\n\t\t\t\t<div class=\"elementor-column elementor-col-50 elementor-top-column elementor-element elementor-element-7a9daa7\" data-id=\"7a9daa7\" data-element_type=\"column\">\n\t\t\t<div class=\"elementor-widget-wrap elementor-element-populated\">\n\t\t\t\t\t\t\t\t<div class=\"elementor-element elementor-element-18566191 elementor-widget elementor-widget-wd_title\" data-id=\"18566191\" data-element_type=\"widget\" data-widget_type=\"wd_title.default\">\n\t\t\t\t<div class=\"elementor-widget-container\">\n\t\t\t\t\t<div class=\"title-wrapper set-mb-s reset-last-child wd-title-color-primary wd-title-style-default wd-title-size-large text-left\">\n\n\t\t\t\t\t\t\t<div class=\"title-subtitle subtitle-color-primary subtitle-style-default wd-fontsize-xs\">\n\t\t\t\t\tZAVEPOWER INNOVATIVE TECHNOLOGY\t\t\t\t<\/div>\n\t\t\t\n\t\t\t<div class=\"liner-continer\">\n\t\t\t\t<h4 class=\"woodmart-title-container title wd-fontsize-xxl\">Om ZavePower<\/h4> \n\t\t\t\t\t\t\t<\/div>\n\n\t\t\t\t\t\t\t<div class=\"title-after_title set-cont-mb-s reset-last-child wd-fontsize-s\">\n\t\t\t\t\t<em>Vi brinner f\u00f6r att energioptimera pool- och spabranschen.\u00a0<\/em>\t\t\t\t<\/div>\n\t\t\t\t\t<\/div>\n\t\t\t\t<\/div>\n\t\t\t\t<\/div>\n\t\t\t\t<div class=\"elementor-element elementor-element-cf34ae6 elementor-widget elementor-widget-wd_text_block\" data-id=\"cf34ae6\" data-element_type=\"widget\" data-widget_type=\"wd_text_block.default\">\n\t\t\t\t<div class=\"elementor-widget-container\">\n\t\t\t\t\t<div class=\"wd-text-block reset-last-child text-left\">\n\t\t\t\n\t\t\t<p>Efter att ha verkat i poolbranschen i \u00f6ver 10 \u00e5r ins\u00e5g vi att branshen har ett stort behov att att bli mycket mer energieffektiva.\u00a0<\/p><p>Kunder har ofta genom \u00e5ren efterfr\u00e5gat b\u00e4ttre s\u00e4tt att styra energif\u00f6rbrukningen. Svaret var alltid att det idag inte finns n\u00e5got p\u00e5 marknaden som \u00e4r bra nog.\u00a0<\/p><p>Zavepower Innovative Technology AB skapades med visionen att genom smartifiering av spabad och pooler ge anv\u00e4ndare m\u00f6jlighet att dramatiskt s\u00e4nka den elektriska driftkostnaden, samt flytta 80-100% av badets elink\u00f6p f\u00f6r uppv\u00e4rmning till l\u00e5glasttid.\u00a0<\/p>\n\t\t\t\t\t<\/div>\n\t\t\t\t<\/div>\n\t\t\t\t<\/div>\n\t\t\t\t<section class=\"wd-negative-gap elementor-section elementor-inner-section elementor-element elementor-element-6c441740 elementor-section-boxed elementor-section-height-default elementor-section-height-default wd-section-disabled\" data-id=\"6c441740\" data-element_type=\"section\">\n\t\t\t\t\t\t<div class=\"elementor-container elementor-column-gap-default\">\n\t\t\t\t\t<div class=\"elementor-column elementor-col-100 elementor-inner-column elementor-element elementor-element-2340cadd\" data-id=\"2340cadd\" data-element_type=\"column\">\n\t\t\t<div class=\"elementor-widget-wrap elementor-element-populated\">\n\t\t\t\t\t\t\t\t<div class=\"elementor-element elementor-element-bd4094d elementor-widget__width-auto elementor-widget elementor-widget-wd_text_block\" data-id=\"bd4094d\" data-element_type=\"widget\" data-widget_type=\"wd_text_block.default\">\n\t\t\t\t<div class=\"elementor-widget-container\">\n\t\t\t\t\t<div class=\"wd-text-block reset-last-child text-left\">\n\t\t\t\n\t\t\t<strong><em>Zavepower Innovative Technology AB \u00a9 2022.<\/em><\/strong>\n\t\t\t\t\t<\/div>\n\t\t\t\t<\/div>\n\t\t\t\t<\/div>\n\t\t\t\t\t<\/div>\n\t\t<\/div>\n\t\t\t\t\t\t\t<\/div>\n\t\t<\/section>\n\t\t\t\t\t<\/div>\n\t\t<\/div>\n\t\t\t\t\t\t\t<\/div>\n\t\t<\/section>\n\t\t\t\t\t\t\t<\/div>\n\t\t","protected":false},"excerpt":{"rendered":"<p>ZAVEPOWER INNOVATIVE TECHNOLOGY Om ZavePower Vi brinner f\u00f6r att energioptimera pool- och spabranschen.\u00a0 Efter att ha verkat i poolbranschen i<\/p>\n","protected":false},"author":1,"featured_media":0,"parent":0,"menu_order":0,"comment_status":"closed","ping_status":"closed","template":"elementor_header_footer","meta":{"footnotes":""},"class_list":["post-4400","page","type-page","status-publish","hentry"],"yoast_head":"<!-- This site is optimized with the Yoast SEO plugin v21.6 - https:\/\/yoast.com\/wordpress\/plugins\/seo\/ -->\n<title>Om oss - Zavepower AB<\/title>\n<meta name=\"robots\" content=\"index, follow, max-snippet:-1, max-image-preview:large, max-video-preview:-1\" \/>\n<link rel=\"canonical\" href=\"https:\/\/zavepower.jejjcop3.se\/om-oss\/\" \/>\n<meta property=\"og:locale\" content=\"sv_SE\" \/>\n<meta property=\"og:type\" content=\"article\" \/>\n<meta property=\"og:title\" content=\"Om oss - Zavepower AB\" \/>\n<meta property=\"og:description\" content=\"ZAVEPOWER INNOVATIVE TECHNOLOGY Om ZavePower Vi brinner f\u00f6r att energioptimera pool- och spabranschen.\u00a0 Efter att ha verkat i poolbranschen i\" \/>\n<meta property=\"og:url\" content=\"https:\/\/zavepower.jejjcop3.se\/om-oss\/\" \/>\n<meta property=\"og:site_name\" content=\"Zavepower AB\" \/>\n<meta property=\"article:publisher\" content=\"https:\/\/www.facebook.com\/ZavepowerAB\" \/>\n<meta property=\"article:modified_time\" content=\"2022-12-12T22:11:30+00:00\" \/>\n<meta property=\"og:image\" content=\"https:\/\/zavepower.jejjcop3.se\/wp-content\/uploads\/2022\/11\/top-4-benefits-winter-hot-tubbing.jpg\" \/>\n<meta name=\"twitter:card\" content=\"summary_large_image\" \/>\n<meta name=\"twitter:label1\" content=\"Ber\u00e4knad l\u00e4stid\" \/>\n\t<meta name=\"twitter:data1\" content=\"1 minut\" \/>\n<script type=\"application\/ld+json\" class=\"yoast-schema-graph\">{\"@context\":\"https:\/\/schema.org\",\"@graph\":[{\"@type\":\"WebPage\",\"@id\":\"https:\/\/zavepower.jejjcop3.se\/om-oss\/\",\"url\":\"https:\/\/zavepower.jejjcop3.se\/om-oss\/\",\"name\":\"Om oss - Zavepower AB\",\"isPartOf\":{\"@id\":\"https:\/\/zavepower.jejjcop3.se\/#website\"},\"datePublished\":\"2021-10-12T13:51:09+00:00\",\"dateModified\":\"2022-12-12T22:11:30+00:00\",\"breadcrumb\":{\"@id\":\"https:\/\/zavepower.jejjcop3.se\/om-oss\/#breadcrumb\"},\"inLanguage\":\"sv-SE\",\"potentialAction\":[{\"@type\":\"ReadAction\",\"target\":[\"https:\/\/zavepower.jejjcop3.se\/om-oss\/\"]}]},{\"@type\":\"BreadcrumbList\",\"@id\":\"https:\/\/zavepower.jejjcop3.se\/om-oss\/#breadcrumb\",\"itemListElement\":[{\"@type\":\"ListItem\",\"position\":1,\"name\":\"Hem\",\"item\":\"https:\/\/zavepower.jejjcop3.se\/\"},{\"@type\":\"ListItem\",\"position\":2,\"name\":\"Om oss\"}]},{\"@type\":\"WebSite\",\"@id\":\"https:\/\/zavepower.jejjcop3.se\/#website\",\"url\":\"https:\/\/zavepower.jejjcop3.se\/\",\"name\":\"Zavepower AB\",\"description\":\"Vi revolutionerar pool och spabranchen inom energioptimering\",\"publisher\":{\"@id\":\"https:\/\/zavepower.jejjcop3.se\/#organization\"},\"potentialAction\":[{\"@type\":\"SearchAction\",\"target\":{\"@type\":\"EntryPoint\",\"urlTemplate\":\"https:\/\/zavepower.jejjcop3.se\/?s={search_term_string}\"},\"query-input\":\"required name=search_term_string\"}],\"inLanguage\":\"sv-SE\"},{\"@type\":\"Organization\",\"@id\":\"https:\/\/zavepower.jejjcop3.se\/#organization\",\"name\":\"Zavepower Innovative Technology AB\",\"url\":\"https:\/\/zavepower.jejjcop3.se\/\",\"logo\":{\"@type\":\"ImageObject\",\"inLanguage\":\"sv-SE\",\"@id\":\"https:\/\/zavepower.jejjcop3.se\/#\/schema\/logo\/image\/\",\"url\":\"https:\/\/zavepower.jejjcop3.se\/wp-content\/uploads\/2022\/11\/savepower-logo-dark.svg\",\"contentUrl\":\"https:\/\/zavepower.jejjcop3.se\/wp-content\/uploads\/2022\/11\/savepower-logo-dark.svg\",\"width\":375,\"height\":74,\"caption\":\"Zavepower Innovative Technology AB\"},\"image\":{\"@id\":\"https:\/\/zavepower.jejjcop3.se\/#\/schema\/logo\/image\/\"},\"sameAs\":[\"https:\/\/www.facebook.com\/ZavepowerAB\",\"https:\/\/www.instagram.com\/zavepower\/\"]}]}<\/script>\n<!-- \/ Yoast SEO plugin. -->","yoast_head_json":{"title":"Om oss - Zavepower AB","robots":{"index":"index","follow":"follow","max-snippet":"max-snippet:-1","max-image-preview":"max-image-preview:large","max-video-preview":"max-video-preview:-1"},"canonical":"https:\/\/zavepower.jejjcop3.se\/om-oss\/","og_locale":"sv_SE","og_type":"article","og_title":"Om oss - Zavepower AB","og_description":"ZAVEPOWER INNOVATIVE TECHNOLOGY Om ZavePower Vi brinner f\u00f6r att energioptimera pool- och spabranschen.\u00a0 Efter att ha verkat i poolbranschen i","og_url":"https:\/\/zavepower.jejjcop3.se\/om-oss\/","og_site_name":"Zavepower AB","article_publisher":"https:\/\/www.facebook.com\/ZavepowerAB","article_modified_time":"2022-12-12T22:11:30+00:00","og_image":[{"url":"https:\/\/zavepower.jejjcop3.se\/wp-content\/uploads\/2022\/11\/top-4-benefits-winter-hot-tubbing.jpg"}],"twitter_card":"summary_large_image","twitter_misc":{"Ber\u00e4knad l\u00e4stid":"1 minut"},"schema":{"@context":"https:\/\/schema.org","@graph":[{"@type":"WebPage","@id":"https:\/\/zavepower.jejjcop3.se\/om-oss\/","url":"https:\/\/zavepower.jejjcop3.se\/om-oss\/","name":"Om oss - Zavepower AB","isPartOf":{"@id":"https:\/\/zavepower.jejjcop3.se\/#website"},"datePublished":"2021-10-12T13:51:09+00:00","dateModified":"2022-12-12T22:11:30+00:00","breadcrumb":{"@id":"https:\/\/zavepower.jejjcop3.se\/om-oss\/#breadcrumb"},"inLanguage":"sv-SE","potentialAction":[{"@type":"ReadAction","target":["https:\/\/zavepower.jejjcop3.se\/om-oss\/"]}]},{"@type":"BreadcrumbList","@id":"https:\/\/zavepower.jejjcop3.se\/om-oss\/#breadcrumb","itemListElement":[{"@type":"ListItem","position":1,"name":"Hem","item":"https:\/\/zavepower.jejjcop3.se\/"},{"@type":"ListItem","position":2,"name":"Om oss"}]},{"@type":"WebSite","@id":"https:\/\/zavepower.jejjcop3.se\/#website","url":"https:\/\/zavepower.jejjcop3.se\/","name":"Zavepower AB","description":"Vi revolutionerar pool och spabranchen inom energioptimering","publisher":{"@id":"https:\/\/zavepower.jejjcop3.se\/#organization"},"potentialAction":[{"@type":"SearchAction","target":{"@type":"EntryPoint","urlTemplate":"https:\/\/zavepower.jejjcop3.se\/?s={search_term_string}"},"query-input":"required name=search_term_string"}],"inLanguage":"sv-SE"},{"@type":"Organization","@id":"https:\/\/zavepower.jejjcop3.se\/#organization","name":"Zavepower Innovative Technology AB","url":"https:\/\/zavepower.jejjcop3.se\/","logo":{"@type":"ImageObject","inLanguage":"sv-SE","@id":"https:\/\/zavepower.jejjcop3.se\/#\/schema\/logo\/image\/","url":"https:\/\/zavepower.jejjcop3.se\/wp-content\/uploads\/2022\/11\/savepower-logo-dark.svg","contentUrl":"https:\/\/zavepower.jejjcop3.se\/wp-content\/uploads\/2022\/11\/savepower-logo-dark.svg","width":375,"height":74,"caption":"Zavepower Innovative Technology AB"},"image":{"@id":"https:\/\/zavepower.jejjcop3.se\/#\/schema\/logo\/image\/"},"sameAs":["https:\/\/www.facebook.com\/ZavepowerAB","https:\/\/www.instagram.com\/zavepower\/"]}]}},"_links":{"self":[{"href":"https:\/\/zavepower.jejjcop3.se\/sv\/wp-json\/wp\/v2\/pages\/4400","targetHints":{"allow":["GET"]}}],"collection":[{"href":"https:\/\/zavepower.jejjcop3.se\/sv\/wp-json\/wp\/v2\/pages"}],"about":[{"href":"https:\/\/zavepower.jejjcop3.se\/sv\/wp-json\/wp\/v2\/types\/page"}],"author":[{"embeddable":true,"href":"https:\/\/zavepower.jejjcop3.se\/sv\/wp-json\/wp\/v2\/users\/1"}],"replies":[{"embeddable":true,"href":"https:\/\/zavepower.jejjcop3.se\/sv\/wp-json\/wp\/v2\/comments?post=4400"}],"version-history":[{"count":50,"href":"https:\/\/zavepower.jejjcop3.se\/sv\/wp-json\/wp\/v2\/pages\/4400\/revisions"}],"predecessor-version":[{"id":11307,"href":"https:\/\/zavepower.jejjcop3.se\/sv\/wp-json\/wp\/v2\/pages\/4400\/revisions\/11307"}],"wp:attachment":[{"href":"https:\/\/zavepower.jejjcop3.se\/sv\/wp-json\/wp\/v2\/media?parent=4400"}],"curies":[{"name":"wp","href":"https:\/\/api.w.org\/{rel}","templated":true}]}}