{"id":11481,"date":"2023-02-26T11:35:47","date_gmt":"2023-02-26T10:35:47","guid":{"rendered":"https:\/\/zavepower.jejjcop3.se\/?page_id=11481"},"modified":"2023-02-26T13:54:08","modified_gmt":"2023-02-26T12:54:08","slug":"hitta-aterforsaljare","status":"publish","type":"page","link":"https:\/\/zavepower.jejjcop3.se\/sv\/hitta-aterforsaljare\/","title":{"rendered":"Hitta \u00e5terf\u00f6rs\u00e4ljare"},"content":{"rendered":"\t\t<div data-elementor-type=\"wp-page\" data-elementor-id=\"11481\" class=\"elementor elementor-11481\">\n\t\t\t\t\t\t\t\t\t<section class=\"wd-negative-gap elementor-section elementor-top-section elementor-element elementor-element-b785e53 elementor-section-boxed elementor-section-height-default elementor-section-height-default wd-section-disabled\" data-id=\"b785e53\" data-element_type=\"section\">\n\t\t\t\t\t\t<div class=\"elementor-container elementor-column-gap-default\">\n\t\t\t\t\t<div class=\"elementor-column elementor-col-100 elementor-top-column elementor-element elementor-element-4bb09171\" data-id=\"4bb09171\" data-element_type=\"column\">\n\t\t\t<div class=\"elementor-widget-wrap elementor-element-populated\">\n\t\t\t\t\t\t\t\t<div class=\"elementor-element elementor-element-30b3becd elementor-widget elementor-widget-wd_title\" data-id=\"30b3becd\" data-element_type=\"widget\" data-widget_type=\"wd_title.default\">\n\t\t\t\t<div class=\"elementor-widget-container\">\n\t\t\t\t\t<div class=\"title-wrapper set-mb-s reset-last-child wd-title-color-default wd-title-style-default wd-title-size-extra-large text-center\">\n\n\t\t\t\n\t\t\t<div class=\"liner-continer\">\n\t\t\t\t<h1 class=\"woodmart-title-container title wd-fontsize-xxxl\">Hitta din \u00e5terf\u00f6rs\u00e4ljare<\/h1> \n\t\t\t\t\t\t\t<\/div>\n\n\t\t\t\t\t\t\t<div class=\"title-after_title set-cont-mb-s reset-last-child wd-fontsize-s\">\n\t\t\t\t\t<p>H\u00e4r nedan hittar du listan \u00f6ver v\u00e5ra \u00e5terf\u00f6rs\u00e4ljare. Anv\u00e4nd den f\u00f6r att hitta en \u00e5terf\u00f6rs\u00e4ljare n\u00e4ra dig!<\/p>\t\t\t\t<\/div>\n\t\t\t\t\t<\/div>\n\t\t\t\t<\/div>\n\t\t\t\t<\/div>\n\t\t\t\t\t<\/div>\n\t\t<\/div>\n\t\t\t\t\t\t\t<\/div>\n\t\t<\/section>\n\t\t\t\t<section class=\"wd-negative-gap elementor-section elementor-top-section elementor-element elementor-element-d7a114f elementor-section-boxed elementor-section-height-default elementor-section-height-default wd-section-disabled\" data-id=\"d7a114f\" data-element_type=\"section\">\n\t\t\t\t\t\t<div class=\"elementor-container elementor-column-gap-default\">\n\t\t\t\t\t<div class=\"elementor-column elementor-col-100 elementor-top-column elementor-element elementor-element-b65e8b9\" data-id=\"b65e8b9\" data-element_type=\"column\">\n\t\t\t<div class=\"elementor-widget-wrap elementor-element-populated\">\n\t\t\t\t\t\t\t\t<div class=\"elementor-element elementor-element-b5d2dec elementor-widget elementor-widget-shortcode\" data-id=\"b5d2dec\" data-element_type=\"widget\" data-widget_type=\"shortcode.default\">\n\t\t\t\t<div class=\"elementor-widget-container\">\n\t\t\t\t\t<div class=\"elementor-shortcode\"><style type=\"text\/css\">\n  body #asl-storelocator.asl-cont.asl-template-0 {--sl-font-size: 13px;--sl-title-size: 15px;--sl-btn-size: 13px;--sl-primary: #32373c;--sl-header: #F7F7F7;--sl-header-color: #32373c;--sl-infobox-color: #555d66;--sl-infobox-bg: #FFFFFF;--sl-infobox-a: #072944;--sl-action-btn-color: #FFFFFF;--sl-action-btn-bg: #072944;--sl-color: #555d66;--sl-list-bg: #FFFFFF;--sl-list-title: #32373c;--sl-list-sub-title: #6a6a6a;--sl-highlighted: #F7F7F7;}.asl-p-cont .asl-print-btn,.asl-cont .asl-print-btn {display: none !important;}  .asl-cont .onoffswitch .onoffswitch-label .onoffswitch-switch:before {content: \"OPEN\" !important;}\n  .asl-cont .onoffswitch .onoffswitch-label .onoffswitch-switch:after {content: \"ALL\" !important;}\n  @media (max-width: 767px) {\n    #asl-storelocator.asl-cont .asl-panel {order: 0;}\n  }\n  .asl-cont.sl-search-only .Filter_section + .sl-row {display: none;}\n<\/style>\n<div id=\"asl-storelocator\" class=\"storelocator-main asl-cont asl-template-0 asl-layout-0 asl-bg-1  asl-text-1\">\n  <div class=\"asl-wrapper\">\n    <div class=\"sl-container\">\n             \n      <div class=\"sl-row Filter_section\">\n          <div class=\"pol-lg-4 pol-md-5 pol-sm-12 search_filter\">\n              <p class=\"mb-2\">Search Location<\/p>\n              <div class=\"sl-search-group d-flex\">\n                <input type=\"text\" value=\"\" data-submit=\"disable\"  tabindex=\"2\" id=\"auto-complete-search\" placeholder=\"Enter a Location\"  class=\"asl-search-address form-control isp_ignore\">\n                <button type=\"button\" class=\"span-geo\"><i class=\"icon-search\" title=\"Search Location\"><\/i><\/button>\n              <\/div>\n          <\/div>\n          <div class=\"pol-lg-8 pol-md-7 pol-sm-12\">\n            <div class=\"sl-row\">\n              <div class=\"pol-sm-12 asl-advance-filters hide\">\n                <div class=\"sl-row\">\n                                                                        <div class=\"pol-lg-4 pol-md-6 pol-sm-12 range_filter asl-ddl-filters hide\">\n                      <div class=\"rangeFilter asl-filter-cntrl\">\n                        <label class=\"asl-cntrl-lbl\">Distance Range<\/label>\n                        <input id=\"asl-radius-slide\" type=\"text\" class=\"span2\" \/>\n                        <span class=\"rad-unit\">Radius: <span id=\"asl-radius-input\"><\/span> <span id=\"asl-dist-unit\">KM<\/span><\/span>\n                      <\/div>\n                  <\/div>\n                  <div class=\"pol-lg-2 pol-md-3 pol-sm-12 Status_filter\">\n                      <div class=\"asl-filter-cntrl\">\n                        <label class=\"asl-cntrl-lbl\">Status<\/label>\n                        <div class=\"onoffswitch\">\n                          <input type=\"checkbox\" name=\"onoffswitch\" class=\"onoffswitch-checkbox\" id=\"asl-open-close\" checked>\n                          <label class=\"onoffswitch-label\" for=\"asl-open-close\">\n                              <span class=\"onoffswitch-inner\"><\/span>\n                              <span class=\"onoffswitch-switch\"><\/span>\n                          <\/label>\n                        <\/div>\n                      <\/div>\n                  <\/div>\n                <\/div>\n              <\/div>\n            <\/div>\n          <\/div>\n      <\/div>\n            <div class=\"sl-row\">\n        <div class=\"pol-12\">\n            <div class=\"sl-main-cont\">\n                <div class=\"sl-row no-gutters sl-main-row\">\n                    <div id=\"asl-panel\" class=\"asl-panel pol-md-5 pol-lg-4 asl_locator-panel\">\n                        <div class=\"asl-overlay\" id=\"map-loading\">\n                            <div class=\"white\"><\/div>\n                            <div class=\"sl-loading\">\n                              <i class=\"animate-sl-spin icon-spin3\"><\/i>\n                              Loading...                            <\/div>\n                        <\/div>\n                                                <!-- list -->\n                        <div class=\"asl-panel-inner\">\n                            <div class=\"top-title Num_of_store\">\n                              <span>Antal \u00c5terf\u00f6rs\u00e4ljare: <span class=\"count-result\">0<\/span><\/span>\n                              <a class=\"asl-print-btn\"><span>PRINT<\/span><span class=\"asl-print\"><\/span><\/a>\n                            <\/div>\n                            <div class=\"sl-main-cont-box\">\n                              <div id=\"asl-list\" class=\"sl-list-wrapper\">\n                                <ul id=\"p-statelist\" class=\"sl-list\">\n                                <\/ul>\n                              <\/div>\n                            <\/div>\n                        <\/div>\n\n                        <div class=\"directions-cont hide\">\n                            <div class=\"agile-modal-header\">\n                                <button type=\"button\" class=\"close\"><span aria-hidden=\"true\">\u00d7<\/span><\/button>\n                                <h4>Store Direction<\/h4>\n                            <\/div>\n                            <div class=\"rendered-directions\" id=\"asl-rendered-dir\" style=\"direction: ltr;\"><\/div>\n                        <\/div>\n                    <\/div>\n                    <div class=\"pol-md-7 pol-lg-8 asl-map\">\n                        <div class=\"map-image\">\n                            <div id=\"asl-map-canv\" class=\"asl-map-canv\"><\/div>\n                            <div id=\"agile-modal-direction\" class=\"agile-modal fade\">\n    <div class=\"agile-modal-backdrop-in\"><\/div>\n    <div class=\"agile-modal-dialog in\">\n        <div class=\"agile-modal-content\">\n            <div class=\"sl-form-group d-flex justify-content-between\">\n                <h4>Get Your Directions<\/h4>\n                <button type=\"button\" class=\"close-directions sl-close\" data-dismiss=\"agile-modal\" aria-label=\"Close\">&times;<\/button>\n            <\/div>\n            <div class=\"sl-form-group\">\n                <label for=\"frm-lbl\">From:<\/label>\n                <input type=\"text\" class=\"form-control frm-place\" id=\"frm-lbl\" placeholder=\"Enter a Location\">\n            <\/div>\n            <div class=\"sl-form-group\">\n                <label for=\"frm-lbl\">To:<\/label>\n                <input readonly=\"true\" type=\"text\"  class=\"directions-to form-control\" id=\"to-lbl\" placeholder=\"Prepopulated Destination Address\">\n            <\/div>\n            <div class=\"sl-form-group mb-0\">\n                <label class=\"checkbox-inline\">\n                    <input type=\"radio\" name=\"dist-type\"  id=\"rbtn-km\" value=\"0\"> KM                <\/label>\n                <label class=\"checkbox-inline\">\n                    <input type=\"radio\" name=\"dist-type\" checked id=\"rbtn-mile\" value=\"1\"> Mile                <\/label>\n            <\/div>\n            <div class=\"sl-form-group mb-0\">\n                <button type=\"submit\" class=\"btn btn-default btn-submit\">GET DIRECTIONS<\/button>\n            <\/div>\n        <\/div>\n    <\/div>\n<\/div>\n\n<div id=\"asl-geolocation-agile-modal\" class=\"agile-modal fade\">\n  <div class=\"agile-modal-backdrop-in\"><\/div>\n  <div class=\"agile-modal-dialog in\">\n    <div class=\"agile-modal-content\">\n            <div class=\"sl-form-group d-flex justify-content-between\">\n        <h5>Use my location to find the closest Service Provider near me<\/h5>\n        <button type=\"button\" class=\"close-directions sl-close\" data-dismiss=\"agile-modal\" aria-label=\"Close\" aria-hidden=\"true\">&times;<\/button>\n      <\/div>\n      <div class=\"sl-form-group text-center mb-0\">\n        <button type=\"button\" id=\"asl-btn-geolocation\" class=\"btn btn-block btn-default\">USE LOCATION<\/button>\n      <\/div>\n          <\/div>\n  <\/div>\n<\/div>\n\n<div id=\"asl-desc-agile-modal\" class=\"agile-modal fade\">\n  <div class=\"agile-modal-backdrop-in\"><\/div>\n  <div class=\"agile-modal-dialog in\">\n    <div class=\"agile-modal-content\">\n      <div class=\"sl-row\">\n        <div class=\"pol-md-12\">\n          <div class=\"sl-form-group d-flex justify-content-between\">\n            <h4 class=\"sl-title\"><\/h4>\n            <button type=\"button\" class=\"close-directions sl-close\" data-dismiss=\"agile-modal\" aria-label=\"Close\">&times;<\/button>\n          <\/div>\n          <p class=\"sl-desc\"><\/p>\n        <\/div>\n      <\/div>\n    <\/div>\n  <\/div>\n<\/div>                        <\/div>\n                    <\/div>\n                <\/div>\n            <\/div>\n        <\/div>\n      <\/div>\n    <\/div>\n  <\/div>\n<\/div>\n<!-- This plugin is developed by \"Agile Store Locator for WordPress\" https:\/\/agilestorelocator.com --><\/div>\n\t\t\t\t<\/div>\n\t\t\t\t<\/div>\n\t\t\t\t\t<\/div>\n\t\t<\/div>\n\t\t\t\t\t\t\t<\/div>\n\t\t<\/section>\n\t\t\t\t\t\t\t<\/div>\n\t\t","protected":false},"excerpt":{"rendered":"<p>Hitta din \u00e5terf\u00f6rs\u00e4ljare H\u00e4r nedan hittar du listan \u00f6ver v\u00e5ra \u00e5terf\u00f6rs\u00e4ljare. Anv\u00e4nd den f\u00f6r att hitta en \u00e5terf\u00f6rs\u00e4ljare n\u00e4ra dig!<\/p>\n","protected":false},"author":1,"featured_media":0,"parent":0,"menu_order":0,"comment_status":"closed","ping_status":"closed","template":"","meta":{"footnotes":""},"class_list":["post-11481","page","type-page","status-publish","hentry"],"yoast_head":"<!-- This site is optimized with the Yoast SEO plugin v21.6 - https:\/\/yoast.com\/wordpress\/plugins\/seo\/ -->\n<title>Hitta \u00e5terf\u00f6rs\u00e4ljare - Zavepower AB<\/title>\n<meta name=\"robots\" content=\"index, follow, max-snippet:-1, max-image-preview:large, max-video-preview:-1\" \/>\n<link rel=\"canonical\" href=\"https:\/\/zavepower.jejjcop3.se\/hitta-aterforsaljare\/\" \/>\n<meta property=\"og:locale\" content=\"sv_SE\" \/>\n<meta property=\"og:type\" content=\"article\" \/>\n<meta property=\"og:title\" content=\"Hitta \u00e5terf\u00f6rs\u00e4ljare - Zavepower AB\" \/>\n<meta property=\"og:description\" content=\"Hitta din \u00e5terf\u00f6rs\u00e4ljare H\u00e4r nedan hittar du listan \u00f6ver v\u00e5ra \u00e5terf\u00f6rs\u00e4ljare. Anv\u00e4nd den f\u00f6r att hitta en \u00e5terf\u00f6rs\u00e4ljare n\u00e4ra dig!\" \/>\n<meta property=\"og:url\" content=\"https:\/\/zavepower.jejjcop3.se\/hitta-aterforsaljare\/\" \/>\n<meta property=\"og:site_name\" content=\"Zavepower AB\" \/>\n<meta property=\"article:publisher\" content=\"https:\/\/www.facebook.com\/ZavepowerAB\" \/>\n<meta property=\"article:modified_time\" content=\"2023-02-26T12:54:08+00:00\" \/>\n<meta name=\"twitter:card\" content=\"summary_large_image\" \/>\n<meta name=\"twitter:label1\" content=\"Ber\u00e4knad l\u00e4stid\" \/>\n\t<meta name=\"twitter:data1\" content=\"1 minut\" \/>\n<script type=\"application\/ld+json\" class=\"yoast-schema-graph\">{\"@context\":\"https:\/\/schema.org\",\"@graph\":[{\"@type\":\"WebPage\",\"@id\":\"https:\/\/zavepower.jejjcop3.se\/hitta-aterforsaljare\/\",\"url\":\"https:\/\/zavepower.jejjcop3.se\/hitta-aterforsaljare\/\",\"name\":\"Hitta \u00e5terf\u00f6rs\u00e4ljare - Zavepower AB\",\"isPartOf\":{\"@id\":\"https:\/\/zavepower.jejjcop3.se\/#website\"},\"datePublished\":\"2023-02-26T10:35:47+00:00\",\"dateModified\":\"2023-02-26T12:54:08+00:00\",\"breadcrumb\":{\"@id\":\"https:\/\/zavepower.jejjcop3.se\/hitta-aterforsaljare\/#breadcrumb\"},\"inLanguage\":\"sv-SE\",\"potentialAction\":[{\"@type\":\"ReadAction\",\"target\":[\"https:\/\/zavepower.jejjcop3.se\/hitta-aterforsaljare\/\"]}]},{\"@type\":\"BreadcrumbList\",\"@id\":\"https:\/\/zavepower.jejjcop3.se\/hitta-aterforsaljare\/#breadcrumb\",\"itemListElement\":[{\"@type\":\"ListItem\",\"position\":1,\"name\":\"Hem\",\"item\":\"https:\/\/zavepower.jejjcop3.se\/\"},{\"@type\":\"ListItem\",\"position\":2,\"name\":\"Hitta \u00e5terf\u00f6rs\u00e4ljare\"}]},{\"@type\":\"WebSite\",\"@id\":\"https:\/\/zavepower.jejjcop3.se\/#website\",\"url\":\"https:\/\/zavepower.jejjcop3.se\/\",\"name\":\"Zavepower AB\",\"description\":\"Vi revolutionerar pool och spabranchen inom energioptimering\",\"publisher\":{\"@id\":\"https:\/\/zavepower.jejjcop3.se\/#organization\"},\"potentialAction\":[{\"@type\":\"SearchAction\",\"target\":{\"@type\":\"EntryPoint\",\"urlTemplate\":\"https:\/\/zavepower.jejjcop3.se\/?s={search_term_string}\"},\"query-input\":\"required name=search_term_string\"}],\"inLanguage\":\"sv-SE\"},{\"@type\":\"Organization\",\"@id\":\"https:\/\/zavepower.jejjcop3.se\/#organization\",\"name\":\"Zavepower Innovative Technology AB\",\"url\":\"https:\/\/zavepower.jejjcop3.se\/\",\"logo\":{\"@type\":\"ImageObject\",\"inLanguage\":\"sv-SE\",\"@id\":\"https:\/\/zavepower.jejjcop3.se\/#\/schema\/logo\/image\/\",\"url\":\"https:\/\/zavepower.jejjcop3.se\/wp-content\/uploads\/2022\/11\/savepower-logo-dark.svg\",\"contentUrl\":\"https:\/\/zavepower.jejjcop3.se\/wp-content\/uploads\/2022\/11\/savepower-logo-dark.svg\",\"width\":375,\"height\":74,\"caption\":\"Zavepower Innovative Technology AB\"},\"image\":{\"@id\":\"https:\/\/zavepower.jejjcop3.se\/#\/schema\/logo\/image\/\"},\"sameAs\":[\"https:\/\/www.facebook.com\/ZavepowerAB\",\"https:\/\/www.instagram.com\/zavepower\/\"]}]}<\/script>\n<!-- \/ Yoast SEO plugin. -->","yoast_head_json":{"title":"Hitta \u00e5terf\u00f6rs\u00e4ljare - Zavepower AB","robots":{"index":"index","follow":"follow","max-snippet":"max-snippet:-1","max-image-preview":"max-image-preview:large","max-video-preview":"max-video-preview:-1"},"canonical":"https:\/\/zavepower.jejjcop3.se\/hitta-aterforsaljare\/","og_locale":"sv_SE","og_type":"article","og_title":"Hitta \u00e5terf\u00f6rs\u00e4ljare - Zavepower AB","og_description":"Hitta din \u00e5terf\u00f6rs\u00e4ljare H\u00e4r nedan hittar du listan \u00f6ver v\u00e5ra \u00e5terf\u00f6rs\u00e4ljare. Anv\u00e4nd den f\u00f6r att hitta en \u00e5terf\u00f6rs\u00e4ljare n\u00e4ra dig!","og_url":"https:\/\/zavepower.jejjcop3.se\/hitta-aterforsaljare\/","og_site_name":"Zavepower AB","article_publisher":"https:\/\/www.facebook.com\/ZavepowerAB","article_modified_time":"2023-02-26T12:54:08+00:00","twitter_card":"summary_large_image","twitter_misc":{"Ber\u00e4knad l\u00e4stid":"1 minut"},"schema":{"@context":"https:\/\/schema.org","@graph":[{"@type":"WebPage","@id":"https:\/\/zavepower.jejjcop3.se\/hitta-aterforsaljare\/","url":"https:\/\/zavepower.jejjcop3.se\/hitta-aterforsaljare\/","name":"Hitta \u00e5terf\u00f6rs\u00e4ljare - Zavepower AB","isPartOf":{"@id":"https:\/\/zavepower.jejjcop3.se\/#website"},"datePublished":"2023-02-26T10:35:47+00:00","dateModified":"2023-02-26T12:54:08+00:00","breadcrumb":{"@id":"https:\/\/zavepower.jejjcop3.se\/hitta-aterforsaljare\/#breadcrumb"},"inLanguage":"sv-SE","potentialAction":[{"@type":"ReadAction","target":["https:\/\/zavepower.jejjcop3.se\/hitta-aterforsaljare\/"]}]},{"@type":"BreadcrumbList","@id":"https:\/\/zavepower.jejjcop3.se\/hitta-aterforsaljare\/#breadcrumb","itemListElement":[{"@type":"ListItem","position":1,"name":"Hem","item":"https:\/\/zavepower.jejjcop3.se\/"},{"@type":"ListItem","position":2,"name":"Hitta \u00e5terf\u00f6rs\u00e4ljare"}]},{"@type":"WebSite","@id":"https:\/\/zavepower.jejjcop3.se\/#website","url":"https:\/\/zavepower.jejjcop3.se\/","name":"Zavepower AB","description":"Vi revolutionerar pool och spabranchen inom energioptimering","publisher":{"@id":"https:\/\/zavepower.jejjcop3.se\/#organization"},"potentialAction":[{"@type":"SearchAction","target":{"@type":"EntryPoint","urlTemplate":"https:\/\/zavepower.jejjcop3.se\/?s={search_term_string}"},"query-input":"required name=search_term_string"}],"inLanguage":"sv-SE"},{"@type":"Organization","@id":"https:\/\/zavepower.jejjcop3.se\/#organization","name":"Zavepower Innovative Technology AB","url":"https:\/\/zavepower.jejjcop3.se\/","logo":{"@type":"ImageObject","inLanguage":"sv-SE","@id":"https:\/\/zavepower.jejjcop3.se\/#\/schema\/logo\/image\/","url":"https:\/\/zavepower.jejjcop3.se\/wp-content\/uploads\/2022\/11\/savepower-logo-dark.svg","contentUrl":"https:\/\/zavepower.jejjcop3.se\/wp-content\/uploads\/2022\/11\/savepower-logo-dark.svg","width":375,"height":74,"caption":"Zavepower Innovative Technology AB"},"image":{"@id":"https:\/\/zavepower.jejjcop3.se\/#\/schema\/logo\/image\/"},"sameAs":["https:\/\/www.facebook.com\/ZavepowerAB","https:\/\/www.instagram.com\/zavepower\/"]}]}},"_links":{"self":[{"href":"https:\/\/zavepower.jejjcop3.se\/sv\/wp-json\/wp\/v2\/pages\/11481","targetHints":{"allow":["GET"]}}],"collection":[{"href":"https:\/\/zavepower.jejjcop3.se\/sv\/wp-json\/wp\/v2\/pages"}],"about":[{"href":"https:\/\/zavepower.jejjcop3.se\/sv\/wp-json\/wp\/v2\/types\/page"}],"author":[{"embeddable":true,"href":"https:\/\/zavepower.jejjcop3.se\/sv\/wp-json\/wp\/v2\/users\/1"}],"replies":[{"embeddable":true,"href":"https:\/\/zavepower.jejjcop3.se\/sv\/wp-json\/wp\/v2\/comments?post=11481"}],"version-history":[{"count":34,"href":"https:\/\/zavepower.jejjcop3.se\/sv\/wp-json\/wp\/v2\/pages\/11481\/revisions"}],"predecessor-version":[{"id":11519,"href":"https:\/\/zavepower.jejjcop3.se\/sv\/wp-json\/wp\/v2\/pages\/11481\/revisions\/11519"}],"wp:attachment":[{"href":"https:\/\/zavepower.jejjcop3.se\/sv\/wp-json\/wp\/v2\/media?parent=11481"}],"curies":[{"name":"wp","href":"https:\/\/api.w.org\/{rel}","templated":true}]}}